{"id":6262,"date":"2023-06-16T13:58:01","date_gmt":"2023-06-16T13:58:01","guid":{"rendered":"https:\/\/tranquilolab.com\/press\/"},"modified":"2025-09-10T08:43:42","modified_gmt":"2025-09-10T08:43:42","slug":"press","status":"publish","type":"page","link":"https:\/\/tranquilolab.com\/en\/press\/","title":{"rendered":"PRESS"},"content":{"rendered":"\t\t<div data-elementor-type=\"wp-page\" data-elementor-id=\"6262\" class=\"elementor elementor-6262 elementor-2420\" data-elementor-post-type=\"page\">\n\t\t\t\t<div class=\"elementor-element elementor-element-9465437 e-con-full e-flex e-con e-parent\" data-id=\"9465437\" data-element_type=\"container\" data-e-type=\"container\">\n\t\t\t\t<div class=\"elementor-element elementor-element-d35219a elementor-widget elementor-widget-heading\" data-id=\"d35219a\" data-element_type=\"widget\" data-e-type=\"widget\" data-widget_type=\"heading.default\">\n\t\t\t\t<div class=\"elementor-widget-container\">\n\t\t\t\t\t<h2 class=\"elementor-heading-title elementor-size-default\">Press<\/h2>\t\t\t\t<\/div>\n\t\t\t\t<\/div>\n\t\t\t\t<\/div>\n\t\t<div class=\"elementor-element elementor-element-a6608ba e-con-full e-flex e-con e-parent\" data-id=\"a6608ba\" data-element_type=\"container\" data-e-type=\"container\">\n\t\t\t\t<div class=\"elementor-element elementor-element-d7032ce elementor-widget__width-initial elementor-widget-tablet__width-inherit elementor-widget elementor-widget-theme-post-featured-image elementor-widget-image\" data-id=\"d7032ce\" data-element_type=\"widget\" data-e-type=\"widget\" data-widget_type=\"theme-post-featured-image.default\">\n\t\t\t\t<div class=\"elementor-widget-container\">\n\t\t\t\t\t\t\t\t\t\t\t\t<figure class=\"wp-caption\">\n\t\t\t\t\t\t\t\t\t\t\t<a href=\"https:\/\/elpais.com\/espana\/madrid\/2024-08-09\/madrid-no-cierra-por-vacaciones-en-agosto.html#\" rel=\"nofollow noopener\" target=\"_blank\">\n\t\t\t\t\t\t\t<img fetchpriority=\"high\" decoding=\"async\" width=\"485\" height=\"699\" src=\"https:\/\/tranquilolab.com\/wp-content\/uploads\/2024\/08\/El_pais_TranquiloLab.png\" class=\"attachment-large size-large wp-image-5164\" alt=\"\" srcset=\"https:\/\/tranquilolab.com\/wp-content\/uploads\/2024\/08\/El_pais_TranquiloLab.png 485w, https:\/\/tranquilolab.com\/wp-content\/uploads\/2024\/08\/El_pais_TranquiloLab-208x300.png 208w\" sizes=\"(max-width: 485px) 100vw, 485px\" title=\"\">\t\t\t\t\t\t\t\t<\/a>\n\t\t\t\t\t\t\t\t\t\t\t<figcaption class=\"widget-image-caption wp-caption-text\"><b>elpais.com<\/b> - Hacerse las u\u00f1as con los mejores \u00e9xitos musicales<\/figcaption>\n\t\t\t\t\t\t\t\t\t\t<\/figure>\n\t\t\t\t\t\t\t\t\t<\/div>\n\t\t\t\t<\/div>\n\t\t\t\t<div class=\"elementor-element elementor-element-f07e7be elementor-widget__width-initial elementor-widget-tablet__width-inherit elementor-widget elementor-widget-theme-post-featured-image elementor-widget-image\" data-id=\"f07e7be\" data-element_type=\"widget\" data-e-type=\"widget\" data-widget_type=\"theme-post-featured-image.default\">\n\t\t\t\t<div class=\"elementor-widget-container\">\n\t\t\t\t\t\t\t\t\t\t\t\t<figure class=\"wp-caption\">\n\t\t\t\t\t\t\t\t\t\t\t<a href=\"https:\/\/www.hola.com\/fashion\/lifestyle\/galeria\/2023032475152\/noticias-moda-novedades-ines-domecq-scalpers-culture-fashion-artenblanc\/1\/\" rel=\"nofollow noopener\" target=\"_blank\">\n\t\t\t\t\t\t\t<img decoding=\"async\" width=\"384\" height=\"512\" src=\"https:\/\/tranquilolab.com\/wp-content\/uploads\/2023\/07\/Tranquilolab_revista-_Hola.jpg\" class=\"attachment-large size-large wp-image-3520\" alt=\"\" srcset=\"https:\/\/tranquilolab.com\/wp-content\/uploads\/2023\/07\/Tranquilolab_revista-_Hola.jpg 384w, https:\/\/tranquilolab.com\/wp-content\/uploads\/2023\/07\/Tranquilolab_revista-_Hola-225x300.jpg 225w\" sizes=\"(max-width: 384px) 100vw, 384px\" title=\"\">\t\t\t\t\t\t\t\t<\/a>\n\t\t\t\t\t\t\t\t\t\t\t<figcaption class=\"widget-image-caption wp-caption-text\"><b>Hola.com<\/b> -  SON NOTICIA EN FASHION: LAS COLABORACIONES M\u00c1S ESPERADAS, LOS MEJORES PLANES DE MADRID...<\/figcaption>\n\t\t\t\t\t\t\t\t\t\t<\/figure>\n\t\t\t\t\t\t\t\t\t<\/div>\n\t\t\t\t<\/div>\n\t\t\t\t<div class=\"elementor-element elementor-element-f7714bc elementor-widget__width-initial elementor-widget-tablet__width-inherit elementor-widget elementor-widget-theme-post-featured-image elementor-widget-image\" data-id=\"f7714bc\" data-element_type=\"widget\" data-e-type=\"widget\" data-widget_type=\"theme-post-featured-image.default\">\n\t\t\t\t<div class=\"elementor-widget-container\">\n\t\t\t\t\t\t\t\t\t\t\t\t<figure class=\"wp-caption\">\n\t\t\t\t\t\t\t\t\t\t\t<a href=\"https:\/\/www.abc.es\/bienestar\/fitness\/manchas-senales-advierten-sanas-20230614171243-nt.html\" rel=\"nofollow noopener\" target=\"_blank\">\n\t\t\t\t\t\t\t<img decoding=\"async\" width=\"384\" height=\"512\" src=\"https:\/\/tranquilolab.com\/wp-content\/uploads\/2023\/07\/ABC.es_Tranquilolab.jpg\" class=\"attachment-large size-large wp-image-3522\" alt=\"\" srcset=\"https:\/\/tranquilolab.com\/wp-content\/uploads\/2023\/07\/ABC.es_Tranquilolab.jpg 384w, https:\/\/tranquilolab.com\/wp-content\/uploads\/2023\/07\/ABC.es_Tranquilolab-225x300.jpg 225w\" sizes=\"(max-width: 384px) 100vw, 384px\" title=\"\">\t\t\t\t\t\t\t\t<\/a>\n\t\t\t\t\t\t\t\t\t\t\t<figcaption class=\"widget-image-caption wp-caption-text\"><b>abc.es<\/b> - Manchas en las u\u00f1as y otras se\u00f1ales que advierten que no est\u00e1n sanas<\/figcaption>\n\t\t\t\t\t\t\t\t\t\t<\/figure>\n\t\t\t\t\t\t\t\t\t<\/div>\n\t\t\t\t<\/div>\n\t\t\t\t<\/div>\n\t\t<div class=\"elementor-element elementor-element-0a00fb8 e-con-full e-flex e-con e-parent\" data-id=\"0a00fb8\" data-element_type=\"container\" data-e-type=\"container\">\n\t\t\t\t<div class=\"elementor-element elementor-element-315c29a elementor-widget__width-initial elementor-widget-tablet__width-inherit elementor-widget elementor-widget-theme-post-featured-image elementor-widget-image\" data-id=\"315c29a\" data-element_type=\"widget\" data-e-type=\"widget\" data-widget_type=\"theme-post-featured-image.default\">\n\t\t\t\t<div class=\"elementor-widget-container\">\n\t\t\t\t\t\t\t\t\t\t\t\t<figure class=\"wp-caption\">\n\t\t\t\t\t\t\t\t\t\t\t<a href=\"https:\/\/vanidad.es\/belleza\/610642563\/donde-conseguir-tendencias-en-manicura-verano.html\" rel=\"nofollow noopener\" target=\"_blank\">\n\t\t\t\t\t\t\t<img loading=\"lazy\" decoding=\"async\" width=\"384\" height=\"512\" src=\"https:\/\/tranquilolab.com\/wp-content\/uploads\/2023\/07\/Vanidad.es_TranquiloLab.jpg\" class=\"attachment-large size-large wp-image-3498\" alt=\"\" srcset=\"https:\/\/tranquilolab.com\/wp-content\/uploads\/2023\/07\/Vanidad.es_TranquiloLab.jpg 384w, https:\/\/tranquilolab.com\/wp-content\/uploads\/2023\/07\/Vanidad.es_TranquiloLab-225x300.jpg 225w\" sizes=\"(max-width: 384px) 100vw, 384px\" title=\"\">\t\t\t\t\t\t\t\t<\/a>\n\t\t\t\t\t\t\t\t\t\t\t<figcaption class=\"widget-image-caption wp-caption-text\"><b>Vanidad.es<\/b> - D\u00f3nde conseguir las TENDENCIAS en manicura de este verano<\/figcaption>\n\t\t\t\t\t\t\t\t\t\t<\/figure>\n\t\t\t\t\t\t\t\t\t<\/div>\n\t\t\t\t<\/div>\n\t\t\t\t<div class=\"elementor-element elementor-element-bd1285e elementor-widget__width-initial elementor-widget-tablet__width-inherit elementor-widget elementor-widget-theme-post-featured-image elementor-widget-image\" data-id=\"bd1285e\" data-element_type=\"widget\" data-e-type=\"widget\" data-widget_type=\"theme-post-featured-image.default\">\n\t\t\t\t<div class=\"elementor-widget-container\">\n\t\t\t\t\t\t\t\t\t\t\t\t<figure class=\"wp-caption\">\n\t\t\t\t\t\t\t\t\t\t\t<a href=\"https:\/\/www.traveler.es\/articulos\/tranquilo-lab-222-centro-belleza-chamberi-madrid\" rel=\"nofollow noopener\" target=\"_blank\">\n\t\t\t\t\t\t\t<img loading=\"lazy\" decoding=\"async\" width=\"384\" height=\"512\" src=\"https:\/\/tranquilolab.com\/wp-content\/uploads\/2023\/08\/Tranquilolab-traveler.es_.jpg\" class=\"attachment-large size-large wp-image-3535\" alt=\"\" srcset=\"https:\/\/tranquilolab.com\/wp-content\/uploads\/2023\/08\/Tranquilolab-traveler.es_.jpg 384w, https:\/\/tranquilolab.com\/wp-content\/uploads\/2023\/08\/Tranquilolab-traveler.es_-225x300.jpg 225w\" sizes=\"(max-width: 384px) 100vw, 384px\" title=\"\">\t\t\t\t\t\t\t\t<\/a>\n\t\t\t\t\t\t\t\t\t\t\t<figcaption class=\"widget-image-caption wp-caption-text\"><b>Traveler.es <\/b> - Tranquilo Lab 222: una experiencia beauty completa y relajada en Madrid<\/figcaption>\n\t\t\t\t\t\t\t\t\t\t<\/figure>\n\t\t\t\t\t\t\t\t\t<\/div>\n\t\t\t\t<\/div>\n\t\t\t\t<\/div>\n\t\t<div class=\"elementor-element elementor-element-cfed631 e-con-full e-flex e-con e-parent\" data-id=\"cfed631\" data-element_type=\"container\" data-e-type=\"container\">\n\t\t\t\t<div class=\"elementor-element elementor-element-def3cf0 elementor-align-center elementor-mobile-align-right elementor-widget elementor-widget-button\" data-id=\"def3cf0\" data-element_type=\"widget\" data-e-type=\"widget\" data-widget_type=\"button.default\">\n\t\t\t\t<div class=\"elementor-widget-container\">\n\t\t\t\t\t\t\t\t\t<div class=\"elementor-button-wrapper\">\n\t\t\t\t\t<a class=\"elementor-button elementor-button-link elementor-size-md\" href=\"#elementor-action%3Aaction%3Dpopup%3Aopen%26settings%3DeyJpZCI6NzAyMCwidG9nZ2xlIjpmYWxzZX0%3D\" id=\"size-button\">\n\t\t\t\t\t\t<span class=\"elementor-button-content-wrapper\">\n\t\t\t\t\t\t\t\t\t<span class=\"elementor-button-text\">BOOK YOUR EXPERIENCE<\/span>\n\t\t\t\t\t<\/span>\n\t\t\t\t\t<\/a>\n\t\t\t\t<\/div>\n\t\t\t\t\t\t\t\t<\/div>\n\t\t\t\t<\/div>\n\t\t\t\t<\/div>\n\t\t\t\t<\/div>\n\t\t","protected":false},"excerpt":{"rendered":"<p>Press BOOK YOUR EXPERIENCE<\/p>\n","protected":false},"author":6,"featured_media":0,"parent":0,"menu_order":0,"comment_status":"closed","ping_status":"closed","template":"elementor_canvas","meta":{"site-sidebar-layout":"default","site-content-layout":"","ast-site-content-layout":"default","site-content-style":"default","site-sidebar-style":"default","ast-global-header-display":"","ast-banner-title-visibility":"","ast-main-header-display":"","ast-hfb-above-header-display":"","ast-hfb-below-header-display":"","ast-hfb-mobile-header-display":"","site-post-title":"","ast-breadcrumbs-content":"","ast-featured-img":"","footer-sml-layout":"","theme-transparent-header-meta":"","adv-header-id-meta":"","stick-header-meta":"","header-above-stick-meta":"","header-main-stick-meta":"","header-below-stick-meta":"","astra-migrate-meta-layouts":"default","ast-page-background-enabled":"default","ast-page-background-meta":{"desktop":{"background-color":"var(--ast-global-color-4)","background-image":"","background-repeat":"repeat","background-position":"center center","background-size":"auto","background-attachment":"scroll","background-type":"","background-media":"","overlay-type":"","overlay-color":"","overlay-opacity":"","overlay-gradient":""},"tablet":{"background-color":"","background-image":"","background-repeat":"repeat","background-position":"center center","background-size":"auto","background-attachment":"scroll","background-type":"","background-media":"","overlay-type":"","overlay-color":"","overlay-opacity":"","overlay-gradient":""},"mobile":{"background-color":"","background-image":"","background-repeat":"repeat","background-position":"center center","background-size":"auto","background-attachment":"scroll","background-type":"","background-media":"","overlay-type":"","overlay-color":"","overlay-opacity":"","overlay-gradient":""}},"ast-content-background-meta":{"desktop":{"background-color":"var(--ast-global-color-5)","background-image":"","background-repeat":"repeat","background-position":"center center","background-size":"auto","background-attachment":"scroll","background-type":"","background-media":"","overlay-type":"","overlay-color":"","overlay-opacity":"","overlay-gradient":""},"tablet":{"background-color":"var(--ast-global-color-5)","background-image":"","background-repeat":"repeat","background-position":"center center","background-size":"auto","background-attachment":"scroll","background-type":"","background-media":"","overlay-type":"","overlay-color":"","overlay-opacity":"","overlay-gradient":""},"mobile":{"background-color":"var(--ast-global-color-5)","background-image":"","background-repeat":"repeat","background-position":"center center","background-size":"auto","background-attachment":"scroll","background-type":"","background-media":"","overlay-type":"","overlay-color":"","overlay-opacity":"","overlay-gradient":""}},"_joinchat":[],"footnotes":""},"class_list":["post-6262","page","type-page","status-publish","hentry"],"_links":{"self":[{"href":"https:\/\/tranquilolab.com\/en\/wp-json\/wp\/v2\/pages\/6262","targetHints":{"allow":["GET"]}}],"collection":[{"href":"https:\/\/tranquilolab.com\/en\/wp-json\/wp\/v2\/pages"}],"about":[{"href":"https:\/\/tranquilolab.com\/en\/wp-json\/wp\/v2\/types\/page"}],"author":[{"embeddable":true,"href":"https:\/\/tranquilolab.com\/en\/wp-json\/wp\/v2\/users\/6"}],"replies":[{"embeddable":true,"href":"https:\/\/tranquilolab.com\/en\/wp-json\/wp\/v2\/comments?post=6262"}],"version-history":[{"count":8,"href":"https:\/\/tranquilolab.com\/en\/wp-json\/wp\/v2\/pages\/6262\/revisions"}],"predecessor-version":[{"id":7026,"href":"https:\/\/tranquilolab.com\/en\/wp-json\/wp\/v2\/pages\/6262\/revisions\/7026"}],"wp:attachment":[{"href":"https:\/\/tranquilolab.com\/en\/wp-json\/wp\/v2\/media?parent=6262"}],"curies":[{"name":"wp","href":"https:\/\/api.w.org\/{rel}","templated":true}]}}